{"id":1350,"date":"2022-07-25T12:53:13","date_gmt":"2022-07-25T10:53:13","guid":{"rendered":"https:\/\/inbase.pl\/szkolenia\/?page_id=1350"},"modified":"2022-07-25T13:13:45","modified_gmt":"2022-07-25T11:13:45","slug":"regulamin-szkolen","status":"publish","type":"page","link":"https:\/\/inbase.pl\/szkolenia\/regulamin-szkolen\/","title":{"rendered":"Regulamin szkole\u0144"},"content":{"rendered":"<p>[et_pb_section fb_built=&#8221;1&#8243; _builder_version=&#8221;4.17.6&#8243; _module_preset=&#8221;default&#8221; custom_padding=&#8221;||9px|||&#8221; global_colors_info=&#8221;{}&#8221;][et_pb_row _builder_version=&#8221;4.17.6&#8243; _module_preset=&#8221;default&#8221; width=&#8221;100%&#8221; max_width=&#8221;1712px&#8221; global_colors_info=&#8221;{}&#8221;][et_pb_column type=&#8221;4_4&#8243; _builder_version=&#8221;4.17.6&#8243; _module_preset=&#8221;default&#8221; global_colors_info=&#8221;{}&#8221;][dnxte_text_divider dnxt_divider_text=&#8221;Regulamin szkole\u0144 organizowanych przez firm\u0119 InBase&#8221; heading_tag=&#8221;h1&#8243; text_divider_color=&#8221;#E09900&#8243; text_divider_weight=&#8221;2px&#8221; _builder_version=&#8221;4.17.6&#8243; _module_preset=&#8221;default&#8221; global_colors_info=&#8221;{}&#8221;][\/dnxte_text_divider][\/et_pb_column][\/et_pb_row][\/et_pb_section][et_pb_section fb_built=&#8221;1&#8243; _builder_version=&#8221;4.17.6&#8243; _module_preset=&#8221;default&#8221; hover_enabled=&#8221;0&#8243; global_colors_info=&#8221;{}&#8221; sticky_enabled=&#8221;0&#8243;][et_pb_row _builder_version=&#8221;4.17.6&#8243; _module_preset=&#8221;default&#8221; custom_margin=&#8221;-32px|auto||auto||&#8221; global_colors_info=&#8221;{}&#8221;][et_pb_column type=&#8221;4_4&#8243; _builder_version=&#8221;4.17.6&#8243; _module_preset=&#8221;default&#8221; global_colors_info=&#8221;{}&#8221;][et_pb_text _builder_version=&#8221;4.17.6&#8243; _module_preset=&#8221;default&#8221; text_font_size=&#8221;16px&#8221; hover_enabled=&#8221;0&#8243; global_colors_info=&#8221;{}&#8221; sticky_enabled=&#8221;0&#8243;]<\/p>\n<p><strong><\/strong><strong>I. Organizator szkolenia<\/strong><\/p>\n<p>Organizatorem szkolenia jest InBase Sp. z o.o. z siedzib\u0105 w Warszawie, ul. Stanis\u0142awa Lentza 10, 02-956 Warszawa.<\/p>\n<p><strong>\u00a0<\/strong><\/p>\n<p><strong><\/strong><strong>II. Warunki uczestnictwa <\/strong><\/p>\n<ol>\n<li>Warunkiem uczestnictwa w szkoleniu jest wype\u0142nienie formularza dla wybranego szkolenia i przes\u0142anie go przez stron\u0119 inbase.pl\/szkolenia\/<em>nazwa wybranego szkolenia<\/em>.<\/li>\n<li>Formularz nale\u017cy dostarczy\u0107 najp\u00f3\u017aniej na 5 dni kalendarzowych przed terminem szkolenia. Po up\u0142ywie tego terminu uczestnictwo jest mo\u017cliwe po uprzednim telefonicznym ustaleniu z organizatorem i przes\u0142aniem wype\u0142nionego formularza.<\/li>\n<li>W przypadku, gdy nie zbierze si\u0119 minimalna liczba uczestnik\u00f3w na dane szkolenie, organizator zastrzega prawo do odwo\u0142ania szkolenia, o czym poinformuje mailowo uczestnik\u00f3w. Organizator mo\u017ce tak\u017ce zaproponowa\u0107 nowy termin szkolenia.<\/li>\n<li>W sytuacjach nadzwyczajnych (np. choroba trenera) organizator mo\u017ce odwo\u0142a\u0107 szkolenie i zaproponowa\u0107 nowy termin szkolenia.<\/li>\n<\/ol>\n<p>&nbsp;<\/p>\n<p><strong><\/strong><strong>III. Rezygnacja z uczestnictwa, zmiana termin\u00f3w<\/strong><\/p>\n<ol>\n<li>Rezygnacja z uczestnictwa w szkoleniu powinna by\u0107 wys\u0142ana organizatorowi najp\u00f3\u017aniej na 5 dni kalendarzowych przed terminem szkolenia.<\/li>\n<li>Rezygnacja ze szkolenia z\u0142o\u017cona maksymalnie 5 dni kalendarzowych przed terminem, uprawnia do zwrotu pe\u0142nych koszt\u00f3w szkolenia. W przypadku rezygnacji ze szkolenia w terminie kr\u00f3tszym ni\u017c 5 dni kalendarzowych, uczestnik jest zobowi\u0105zany pokry\u0107 pe\u0142ne koszty szkolenia.<\/li>\n<\/ol>\n<p><span style=\"color: #e09900;\"><strong><a href=\"https:\/\/inbase.pl\/szkolenia\/wp-content\/uploads\/sites\/9\/2022\/07\/Formularz-odstapienia-od-umowy.pdf\" style=\"color: #e09900;\">Formularz odst\u0105pienia od umowy<\/a><\/strong><\/span>, dost\u0119pny jest w sekcji &#8222;Dokumenty do pobrania&#8221;.<\/p>\n<p>&nbsp;<\/p>\n<p><strong><\/strong><strong>IV. Rabaty<\/strong><\/p>\n<ol>\n<li>Rabat w wysoko\u015bci 5% przys\u0142uguje w sytuacji zg\u0142oszenia si\u0119 na 3 tygodnie przed terminem szkolenia.<\/li>\n<li>Rabat w wysoko\u015bci 10% przys\u0142uguje podmiotowi, kt\u00f3ry na jedno szkolenie zg\u0142osi co najmniej 2 osoby.<\/li>\n<li>Rabaty wskazane w ust. 1 i 2 powy\u017cej nie mog\u0105 si\u0119 \u0142\u0105czy\u0107.<\/li>\n<\/ol>\n<p>&nbsp;<\/p>\n<p><strong><\/strong><strong>V. P\u0142atno\u015b\u0107<\/strong><\/p>\n<ol>\n<li>P\u0142atno\u015b\u0107 za szkolenie odbywa si\u0119 przelewem, na dane podane przez organizatora w potwierdzeniu udzia\u0142u w szkoleniu. P\u0142atno\u015b\u0107 powinna wp\u0142yn\u0105\u0107 najp\u00f3\u017aniej w dniu szkolenia (decyduje data wp\u0142ywu na konto lub data wys\u0142ania potwierdzenie dokonania przelewy bankowego).<\/li>\n<li>Faktura VAT zostanie wystawiona i wys\u0142ana do uczestnika po zako\u0144czeniu szkolenia.<\/li>\n<li>P\u0142atno\u015bci mo\u017cna dokona\u0107 przelewem tradycyjnym na konto : 86116022020000000372168565 (Bank Millennium)<\/li>\n<li>P\u0142atno\u015bci mo\u017cna tak\u017ce dokona\u0107 online w e-sklepie organizatora pod adresem skibi.tech<\/li>\n<li>W sytuacji braku wp\u0142aty za szkolenie uczestnik nie zostanie dopuszczony do szkolenia.<\/li>\n<\/ol>\n<p>&nbsp;<\/p>\n<p><strong><\/strong><strong>VI. Dokument potwierdzaj\u0105cy uczestnictwo<\/strong><\/p>\n<p>Organizator wystawia dwa rodzaje certyfikat\u00f3w, pierwszy to certyfikat uczestnictwa wydawany bezterminowo, kt\u00f3ry stanowi potwierdzenie uczestnictwa. Drugi certyfikat z informacj\u0105 o pozytywnym wyniku egzaminu po szkoleniu, tak\u017ce bezterminowy.<\/p>\n<p>&nbsp;<\/p>\n<p><strong>Warunki dodatkowe &#8211; dotycz\u0105 wy\u0142\u0105cznie konsument\u00f3w, tj. Os\u00f3b fizycznych zawieraj\u0105cych umow\u0119 o szkolenie, niezwi\u0105zan\u0105 bezpo\u015brednio z jej dzia\u0142alno\u015bci\u0105 gospodarcz\u0105 lub zawodow\u0105<\/strong><\/p>\n<ol>\n<li>Uczestnik-konsument, mo\u017ce odst\u0105pi\u0107 od umowy o szkolenie bez podawania przyczyny i bez ponoszenia jakichkolwiek koszt\u00f3w w terminie 14 dni kalendarzowych od wys\u0142ania formularza uczestnictwa, nie p\u00f3\u017aniej jednak ni\u017c na 5 dni kalendarzowych przed terminem szkolenia. Uczestnik-konsument nie ma prawa odst\u0105pienia od umowy o szkolenie po jej wykonaniu przez Organizatora.<\/li>\n<li>Aby skorzysta\u0107 z prawa odst\u0105pienia od umowy, uczestnik-konsument musi poinformowa\u0107 Organizatora o swojej decyzji o odst\u0105pieniu w drodze jednoznacznego o\u015bwiadczenia (na przyk\u0142ad takiego, jak w za\u0142\u0105czniku nr 1, wys\u0142anego poczt\u0105, faksem lub e-mailem).<\/li>\n<li>Aby zachowa\u0107 termin do odst\u0105pienia od umowy, wystarczy, aby uczestnik-konsument wys\u0142a\u0142 informacj\u0119 dotycz\u0105c\u0105 wykonania przys\u0142uguj\u0105cego prawa odst\u0105pienia od umowy przed up\u0142ywem terminu do odst\u0105pienia od umowy.<\/li>\n<\/ol>\n<p>&nbsp;<\/p>\n<p><strong>Reklamacje<\/strong><\/p>\n<ol>\n<li>Uczestnik szkolenia ma prawo do z\u0142o\u017cenia reklamacji dotycz\u0105cej realizacji szkolenia.<\/li>\n<li>Reklamacje prosimy zg\u0142asza\u0107 za po\u015brednictwem formularza do kontaktu lub bezpo\u015brednio do os\u00f3b zajmuj\u0105cych si\u0119 szkoleniami: <a href=\"mailto:szkolenia@inbase.pl\">szkolenia@inbase.pl<\/a><\/li>\n<li>Reklamacja rozpatrywana jest niezw\u0142ocznie, najp\u00f3\u017aniej w terminie 30dni roboczych od daty jej otrzymania.<\/li>\n<li>O sposobie rozpatrzenia reklamacji Organizator informuje uczestnika szkolenia w takiej samej formie w jakiej konsument z\u0142o\u017cy\u0142 reklamacj\u0119.<\/li>\n<\/ol>\n<p>&nbsp;<\/p>\n<p>Data regulaminu 25.07.2022<\/p>\n<p><strong>\u00a0<\/strong><\/p>\n<p><strong>Kontakt<\/strong><\/p>\n<p>InBase Sp. z o.o.<\/p>\n<p>Ul. Stanis\u0142awa Lentza 10<\/p>\n<p>02-956 Warszawa<\/p>\n<p>Email: <a href=\"mailto:biuro@inbase.pl\">biuro@inbase.pl<\/a><\/p>\n<p>Tel: +48 22 350 01 40<\/p>\n<p>[\/et_pb_text][\/et_pb_column][\/et_pb_row][\/et_pb_section][et_pb_section fb_built=&#8221;1&#8243; theme_builder_area=&#8221;post_content&#8221; _builder_version=&#8221;4.17.6&#8243; _module_preset=&#8221;default&#8221; module_id=&#8221;Download&#8221; hover_enabled=&#8221;0&#8243; sticky_enabled=&#8221;0&#8243;][et_pb_row _builder_version=&#8221;4.17.6&#8243; _module_preset=&#8221;default&#8221; theme_builder_area=&#8221;post_content&#8221;][et_pb_column _builder_version=&#8221;4.17.6&#8243; _module_preset=&#8221;default&#8221; type=&#8221;4_4&#8243; theme_builder_area=&#8221;post_content&#8221;][dnxte_text_divider dnxt_divider_text=&#8221;Dokumenty do pobrania&#8221; _builder_version=&#8221;4.17.6&#8243; _module_preset=&#8221;default&#8221; theme_builder_area=&#8221;post_content&#8221; text_divider_color=&#8221;#E09900&#8243; hover_enabled=&#8221;0&#8243; sticky_enabled=&#8221;0&#8243;][\/dnxte_text_divider][\/et_pb_column][\/et_pb_row][et_pb_row _builder_version=&#8221;4.17.6&#8243; _module_preset=&#8221;default&#8221; theme_builder_area=&#8221;post_content&#8221;][et_pb_column _builder_version=&#8221;4.17.6&#8243; _module_preset=&#8221;default&#8221; type=&#8221;4_4&#8243; theme_builder_area=&#8221;post_content&#8221;][et_pb_blurb _builder_version=&#8221;4.17.6&#8243; _module_preset=&#8221;default&#8221; theme_builder_area=&#8221;post_content&#8221; use_icon=&#8221;on&#8221; font_icon=&#8221;&#xf56d;||fa||900&#8243; icon_placement=&#8221;left&#8221; image_icon_width=&#8221;69px&#8221; body_link_text_color=&#8221;#5b3e00&#8243; body_link_font_size=&#8221;19px&#8221; icon_color=&#8221;#E09900&#8243; module_alignment=&#8221;left&#8221; hover_enabled=&#8221;0&#8243; sticky_enabled=&#8221;0&#8243; custom_padding=&#8221;8px|||0px||&#8221; max_width=&#8221;53%&#8221; url_new_window=&#8221;on&#8221; link_option_url=&#8221;https:\/\/inbase.pl\/szkolenia\/wp-content\/uploads\/sites\/9\/2022\/07\/Formularz-odstapienia-od-umowy.pdf&#8221;]<\/p>\n<p><strong><\/strong><\/p>\n<p><strong><\/strong><\/p>\n<p><a href=\"https:\/\/inbase.pl\/szkolenia\/wp-content\/uploads\/sites\/9\/2022\/07\/Formularz-odstapienia-od-umowy.pdf\" target=\"_blank\" rel=\"noopener\"><strong>Formularz odst\u0105pienia od umowy<\/strong><\/a><\/p>\n<p>[\/et_pb_blurb][\/et_pb_column][\/et_pb_row][\/et_pb_section]<\/p>\n","protected":false},"excerpt":{"rendered":"<p><div class=\"et_pb_module dnxte_text_divider dnxte_text_divider_0\">\n\t\t\t\t\n\t\t\t\t\n\t\t\t\t\n\t\t\t\t\n\t\t\t\t\n\t\t\t\t\n\t\t\t\t<div class=\"et_pb_module_inner\">\n\t\t\t\t\t<div class=\"dnxt-text-divider-wrapper  \">\r\n\t\t\t\t<div class=\"dnxt-text-divider-before dnxt-text-divider\"><\/div>\r\n\t\t\t\t<h1 class=\"dnxt-text-divider-spacing\">Regulamin szkole\u0144 organizowanych przez firm\u0119 InBase<\/h1>\r\n\t\t\t\t<div class=\"dnxt-text-divider-after dnxt-text-divider\"><\/div>\r\n\t\t\t<\/div>\n\t\t\t\t<\/div>\n\t\t\t<\/div>I. Organizator szkolenia Organizatorem szkolenia jest InBase Sp. z o.o. z siedzib\u0105 w Warszawie, ul. Stanis\u0142awa Lentza 10, 02-956 Warszawa. \u00a0 II. Warunki uczestnictwa Warunkiem uczestnictwa w szkoleniu jest wype\u0142nienie formularza dla wybranego szkolenia i przes\u0142anie go przez stron\u0119 inbase.pl\/szkolenia\/nazwa wybranego szkolenia. Formularz nale\u017cy dostarczy\u0107 najp\u00f3\u017aniej na 5 dni kalendarzowych przed terminem szkolenia. Po up\u0142ywie tego terminu uczestnictwo jest mo\u017cliwe po uprzednim telefonicznym ustaleniu z organizatorem i przes\u0142aniem wype\u0142nionego formularza. W przypadku, gdy nie zbierze si\u0119 minimalna liczba uczestnik\u00f3w na dane szkolenie, organizator zastrzega prawo do odwo\u0142ania szkolenia, o czym poinformuje mailowo uczestnik\u00f3w. Organizator mo\u017ce tak\u017ce zaproponowa\u0107 nowy termin szkolenia. W sytuacjach nadzwyczajnych (np. choroba trenera) organizator mo\u017ce odwo\u0142a\u0107 szkolenie i zaproponowa\u0107 nowy termin szkolenia. &nbsp; III. Rezygnacja z uczestnictwa, zmiana termin\u00f3w Rezygnacja z uczestnictwa w szkoleniu powinna by\u0107 wys\u0142ana organizatorowi najp\u00f3\u017aniej na 5 dni kalendarzowych przed terminem szkolenia. Rezygnacja ze szkolenia z\u0142o\u017cona maksymalnie 5 dni kalendarzowych przed terminem, uprawnia do zwrotu pe\u0142nych koszt\u00f3w szkolenia. W przypadku rezygnacji ze szkolenia w terminie kr\u00f3tszym ni\u017c 5 dni kalendarzowych, uczestnik jest zobowi\u0105zany pokry\u0107 pe\u0142ne koszty szkolenia. Formularz odst\u0105pienia od umowy, dost\u0119pny jest w sekcji &#8222;Dokumenty do pobrania&#8221;. &nbsp; IV. Rabaty [&hellip;]<\/p>\n","protected":false},"author":1,"featured_media":0,"parent":0,"menu_order":0,"comment_status":"closed","ping_status":"closed","template":"","meta":{"_et_pb_use_builder":"on","_et_pb_old_content":"","_et_gb_content_width":"","footnotes":""},"class_list":["post-1350","page","type-page","status-publish","hentry"],"yoast_head":"<!-- This site is optimized with the Yoast SEO plugin v27.1.1 - https:\/\/yoast.com\/product\/yoast-seo-wordpress\/ -->\n<title>Regulamin szkole\u0144 - Szkolenia<\/title>\n<meta name=\"robots\" content=\"index, follow, max-snippet:-1, max-image-preview:large, max-video-preview:-1\" \/>\n<link rel=\"canonical\" href=\"https:\/\/inbase.pl\/szkolenia\/regulamin-szkolen\/\" \/>\n<meta property=\"og:locale\" content=\"pl_PL\" \/>\n<meta property=\"og:type\" content=\"article\" \/>\n<meta property=\"og:title\" content=\"Regulamin szkole\u0144 - Szkolenia\" \/>\n<meta property=\"og:description\" content=\"I. Organizator szkolenia Organizatorem szkolenia jest InBase Sp. z o.o. z siedzib\u0105 w Warszawie, ul. Stanis\u0142awa Lentza 10, 02-956 Warszawa. \u00a0 II. Warunki uczestnictwa Warunkiem uczestnictwa w szkoleniu jest wype\u0142nienie formularza dla wybranego szkolenia i przes\u0142anie go przez stron\u0119 inbase.pl\/szkolenia\/nazwa wybranego szkolenia. Formularz nale\u017cy dostarczy\u0107 najp\u00f3\u017aniej na 5 dni kalendarzowych przed terminem szkolenia. Po up\u0142ywie tego terminu uczestnictwo jest mo\u017cliwe po uprzednim telefonicznym ustaleniu z organizatorem i przes\u0142aniem wype\u0142nionego formularza. W przypadku, gdy nie zbierze si\u0119 minimalna liczba uczestnik\u00f3w na dane szkolenie, organizator zastrzega prawo do odwo\u0142ania szkolenia, o czym poinformuje mailowo uczestnik\u00f3w. Organizator mo\u017ce tak\u017ce zaproponowa\u0107 nowy termin szkolenia. W sytuacjach nadzwyczajnych (np. choroba trenera) organizator mo\u017ce odwo\u0142a\u0107 szkolenie i zaproponowa\u0107 nowy termin szkolenia. &nbsp; III. Rezygnacja z uczestnictwa, zmiana termin\u00f3w Rezygnacja z uczestnictwa w szkoleniu powinna by\u0107 wys\u0142ana organizatorowi najp\u00f3\u017aniej na 5 dni kalendarzowych przed terminem szkolenia. Rezygnacja ze szkolenia z\u0142o\u017cona maksymalnie 5 dni kalendarzowych przed terminem, uprawnia do zwrotu pe\u0142nych koszt\u00f3w szkolenia. W przypadku rezygnacji ze szkolenia w terminie kr\u00f3tszym ni\u017c 5 dni kalendarzowych, uczestnik jest zobowi\u0105zany pokry\u0107 pe\u0142ne koszty szkolenia. Formularz odst\u0105pienia od umowy, dost\u0119pny jest w sekcji &quot;Dokumenty do pobrania&quot;. &nbsp; IV. Rabaty [&hellip;]\" \/>\n<meta property=\"og:url\" content=\"https:\/\/inbase.pl\/szkolenia\/regulamin-szkolen\/\" \/>\n<meta property=\"og:site_name\" content=\"Szkolenia\" \/>\n<meta property=\"article:modified_time\" content=\"2022-07-25T11:13:45+00:00\" \/>\n<meta name=\"twitter:card\" content=\"summary_large_image\" \/>\n<script type=\"application\/ld+json\" class=\"yoast-schema-graph\">{\"@context\":\"https:\/\/schema.org\",\"@graph\":[{\"@type\":\"WebPage\",\"@id\":\"https:\/\/inbase.pl\/szkolenia\/regulamin-szkolen\/\",\"url\":\"https:\/\/inbase.pl\/szkolenia\/regulamin-szkolen\/\",\"name\":\"Regulamin szkole\u0144 - Szkolenia\",\"isPartOf\":{\"@id\":\"https:\/\/inbase.pl\/szkolenia\/#website\"},\"datePublished\":\"2022-07-25T10:53:13+00:00\",\"dateModified\":\"2022-07-25T11:13:45+00:00\",\"breadcrumb\":{\"@id\":\"https:\/\/inbase.pl\/szkolenia\/regulamin-szkolen\/#breadcrumb\"},\"inLanguage\":\"pl-PL\",\"potentialAction\":[{\"@type\":\"ReadAction\",\"target\":[\"https:\/\/inbase.pl\/szkolenia\/regulamin-szkolen\/\"]}]},{\"@type\":\"BreadcrumbList\",\"@id\":\"https:\/\/inbase.pl\/szkolenia\/regulamin-szkolen\/#breadcrumb\",\"itemListElement\":[{\"@type\":\"ListItem\",\"position\":1,\"name\":\"Strona g\u0142\u00f3wna\",\"item\":\"https:\/\/inbase.pl\/szkolenia\/\"},{\"@type\":\"ListItem\",\"position\":2,\"name\":\"Regulamin szkole\u0144\"}]},{\"@type\":\"WebSite\",\"@id\":\"https:\/\/inbase.pl\/szkolenia\/#website\",\"url\":\"https:\/\/inbase.pl\/szkolenia\/\",\"name\":\"Szkolenia\",\"description\":\"InBase - sprawd\u017a ofert\u0119 naszych szkole\u0144!\",\"potentialAction\":[{\"@type\":\"SearchAction\",\"target\":{\"@type\":\"EntryPoint\",\"urlTemplate\":\"https:\/\/inbase.pl\/szkolenia\/?s={search_term_string}\"},\"query-input\":{\"@type\":\"PropertyValueSpecification\",\"valueRequired\":true,\"valueName\":\"search_term_string\"}}],\"inLanguage\":\"pl-PL\"}]}<\/script>\n<!-- \/ Yoast SEO plugin. -->","yoast_head_json":{"title":"Regulamin szkole\u0144 - Szkolenia","robots":{"index":"index","follow":"follow","max-snippet":"max-snippet:-1","max-image-preview":"max-image-preview:large","max-video-preview":"max-video-preview:-1"},"canonical":"https:\/\/inbase.pl\/szkolenia\/regulamin-szkolen\/","og_locale":"pl_PL","og_type":"article","og_title":"Regulamin szkole\u0144 - Szkolenia","og_description":"I. Organizator szkolenia Organizatorem szkolenia jest InBase Sp. z o.o. z siedzib\u0105 w Warszawie, ul. Stanis\u0142awa Lentza 10, 02-956 Warszawa. \u00a0 II. Warunki uczestnictwa Warunkiem uczestnictwa w szkoleniu jest wype\u0142nienie formularza dla wybranego szkolenia i przes\u0142anie go przez stron\u0119 inbase.pl\/szkolenia\/nazwa wybranego szkolenia. Formularz nale\u017cy dostarczy\u0107 najp\u00f3\u017aniej na 5 dni kalendarzowych przed terminem szkolenia. Po up\u0142ywie tego terminu uczestnictwo jest mo\u017cliwe po uprzednim telefonicznym ustaleniu z organizatorem i przes\u0142aniem wype\u0142nionego formularza. W przypadku, gdy nie zbierze si\u0119 minimalna liczba uczestnik\u00f3w na dane szkolenie, organizator zastrzega prawo do odwo\u0142ania szkolenia, o czym poinformuje mailowo uczestnik\u00f3w. Organizator mo\u017ce tak\u017ce zaproponowa\u0107 nowy termin szkolenia. W sytuacjach nadzwyczajnych (np. choroba trenera) organizator mo\u017ce odwo\u0142a\u0107 szkolenie i zaproponowa\u0107 nowy termin szkolenia. &nbsp; III. Rezygnacja z uczestnictwa, zmiana termin\u00f3w Rezygnacja z uczestnictwa w szkoleniu powinna by\u0107 wys\u0142ana organizatorowi najp\u00f3\u017aniej na 5 dni kalendarzowych przed terminem szkolenia. Rezygnacja ze szkolenia z\u0142o\u017cona maksymalnie 5 dni kalendarzowych przed terminem, uprawnia do zwrotu pe\u0142nych koszt\u00f3w szkolenia. W przypadku rezygnacji ze szkolenia w terminie kr\u00f3tszym ni\u017c 5 dni kalendarzowych, uczestnik jest zobowi\u0105zany pokry\u0107 pe\u0142ne koszty szkolenia. Formularz odst\u0105pienia od umowy, dost\u0119pny jest w sekcji \"Dokumenty do pobrania\". &nbsp; IV. Rabaty [&hellip;]","og_url":"https:\/\/inbase.pl\/szkolenia\/regulamin-szkolen\/","og_site_name":"Szkolenia","article_modified_time":"2022-07-25T11:13:45+00:00","twitter_card":"summary_large_image","schema":{"@context":"https:\/\/schema.org","@graph":[{"@type":"WebPage","@id":"https:\/\/inbase.pl\/szkolenia\/regulamin-szkolen\/","url":"https:\/\/inbase.pl\/szkolenia\/regulamin-szkolen\/","name":"Regulamin szkole\u0144 - Szkolenia","isPartOf":{"@id":"https:\/\/inbase.pl\/szkolenia\/#website"},"datePublished":"2022-07-25T10:53:13+00:00","dateModified":"2022-07-25T11:13:45+00:00","breadcrumb":{"@id":"https:\/\/inbase.pl\/szkolenia\/regulamin-szkolen\/#breadcrumb"},"inLanguage":"pl-PL","potentialAction":[{"@type":"ReadAction","target":["https:\/\/inbase.pl\/szkolenia\/regulamin-szkolen\/"]}]},{"@type":"BreadcrumbList","@id":"https:\/\/inbase.pl\/szkolenia\/regulamin-szkolen\/#breadcrumb","itemListElement":[{"@type":"ListItem","position":1,"name":"Strona g\u0142\u00f3wna","item":"https:\/\/inbase.pl\/szkolenia\/"},{"@type":"ListItem","position":2,"name":"Regulamin szkole\u0144"}]},{"@type":"WebSite","@id":"https:\/\/inbase.pl\/szkolenia\/#website","url":"https:\/\/inbase.pl\/szkolenia\/","name":"Szkolenia","description":"InBase - sprawd\u017a ofert\u0119 naszych szkole\u0144!","potentialAction":[{"@type":"SearchAction","target":{"@type":"EntryPoint","urlTemplate":"https:\/\/inbase.pl\/szkolenia\/?s={search_term_string}"},"query-input":{"@type":"PropertyValueSpecification","valueRequired":true,"valueName":"search_term_string"}}],"inLanguage":"pl-PL"}]}},"_links":{"self":[{"href":"https:\/\/inbase.pl\/szkolenia\/wp-json\/wp\/v2\/pages\/1350","targetHints":{"allow":["GET"]}}],"collection":[{"href":"https:\/\/inbase.pl\/szkolenia\/wp-json\/wp\/v2\/pages"}],"about":[{"href":"https:\/\/inbase.pl\/szkolenia\/wp-json\/wp\/v2\/types\/page"}],"author":[{"embeddable":true,"href":"https:\/\/inbase.pl\/szkolenia\/wp-json\/wp\/v2\/users\/1"}],"replies":[{"embeddable":true,"href":"https:\/\/inbase.pl\/szkolenia\/wp-json\/wp\/v2\/comments?post=1350"}],"version-history":[{"count":0,"href":"https:\/\/inbase.pl\/szkolenia\/wp-json\/wp\/v2\/pages\/1350\/revisions"}],"wp:attachment":[{"href":"https:\/\/inbase.pl\/szkolenia\/wp-json\/wp\/v2\/media?parent=1350"}],"curies":[{"name":"wp","href":"https:\/\/api.w.org\/{rel}","templated":true}]}}