{"id":1456,"date":"2023-02-09T14:19:27","date_gmt":"2023-02-09T13:19:27","guid":{"rendered":"https:\/\/inbase.pl\/szkolenia\/?page_id=1456"},"modified":"2023-02-09T14:56:21","modified_gmt":"2023-02-09T13:56:21","slug":"szkolenie-sygnalistow-formularz","status":"publish","type":"page","link":"https:\/\/inbase.pl\/szkolenia\/szkolenie-sygnalistow-formularz\/","title":{"rendered":"Szkolenie sygnalist\u00f3w &#8211; formularz zapisu"},"content":{"rendered":"<p>[et_pb_section fb_built=&#8221;1&#8243; _builder_version=&#8221;4.17.4&#8243; _module_preset=&#8221;default&#8221; background_color=&#8221;#d6c8b3&#8243; width=&#8221;76%&#8221; width_tablet=&#8221;76%&#8221; width_phone=&#8221;100%&#8221; width_last_edited=&#8221;on|phone&#8221; module_alignment=&#8221;center&#8221; min_height=&#8221;965.1px&#8221; custom_margin=&#8221;2%||2%||false|false&#8221; custom_padding=&#8221;|||0px||&#8221; border_radii=&#8221;on|50px|50px|50px|50px&#8221; border_radii_tablet=&#8221;on|50px|50px|50px|50px&#8221; border_radii_phone=&#8221;on|0px|0px|0px|0px&#8221; border_radii_last_edited=&#8221;on|phone&#8221; box_shadow_style=&#8221;preset2&#8243; global_colors_info=&#8221;{}&#8221;][et_pb_row _builder_version=&#8221;4.17.4&#8243; _module_preset=&#8221;default&#8221; width=&#8221;86%&#8221; max_width=&#8221;1219px&#8221; custom_padding=&#8221;|4px||||&#8221; global_colors_info=&#8221;{}&#8221;][et_pb_column type=&#8221;4_4&#8243; _builder_version=&#8221;4.17.4&#8243; _module_preset=&#8221;default&#8221; global_colors_info=&#8221;{}&#8221;][et_pb_contact_form use_spam_service=&#8221;on&#8221; recaptcha_list=&#8221;add_new_account&#8221; email=&#8221;biuro@inbase.pl, maja.grabowiecka@inbase.pl&#8221; title=&#8221;Formularz zapisu na  szkolenie Sygnalist\u00f3w&#8221; success_message=&#8221;Dzi\u0119kujemy za dokonanie zapisu na szkolenie sygnalist\u00f3w. Jeden z naszych pracownik\u00f3w skontaktuje si\u0119 z Pa\u0144stwem w celu om\u00f3wienia szczeg\u00f3\u0142\u00f3w.&#8221; submit_button_text=&#8221;Wy\u015blij&#8221; _builder_version=&#8221;4.19.5&#8243; _module_preset=&#8221;default&#8221; _unique_id=&#8221;786f0fa8-81dc-4151-935f-40e5ac761848&#8243; form_field_background_color=&#8221;#FFFFFF&#8221; form_field_text_color=&#8221;#000000&#8243; title_font=&#8221;|600|||||||&#8221; title_text_color=&#8221;#4f2700&#8243; title_font_size=&#8221;27px&#8221; title_line_height=&#8221;2em&#8221; form_field_font_size=&#8221;16px&#8221; custom_button=&#8221;on&#8221; button_text_size=&#8221;26px&#8221; button_text_color=&#8221;#FFFFFF&#8221; button_bg_color=&#8221;#603a00&#8243; button_border_width=&#8221;0px&#8221; custom_padding=&#8221;|0px||||&#8221; hover_enabled=&#8221;0&#8243; title_line_height_tablet=&#8221;2em&#8221; title_line_height_phone=&#8221;1.3em&#8221; title_line_height_last_edited=&#8221;on|phone&#8221; border_radii=&#8221;on|5px|5px|5px|5px&#8221; border_radii_tablet=&#8221;on|5px|5px|5px|5px&#8221; border_radii_phone=&#8221;on|0px|0px|0px|0px&#8221; border_radii_last_edited=&#8221;on|phone&#8221; global_colors_info=&#8221;{}&#8221; custom_message=&#8221;Dane osoby zg\u0142aszaj\u0105cej si\u0119 na szkolenie sygnalist\u00f3w:||et_pb_line_break_holder||Imi\u0119 i nazwisko: %%Name%%||et_pb_line_break_holder||Nazwa firmy: %%Company_name%%||et_pb_line_break_holder||Adres e-mail: %%Email%%||et_pb_line_break_holder||Nr. telefonu: %%Phone_number%%||et_pb_line_break_holder||Termin szkolenia: %%Date%%||et_pb_line_break_holder||Ilo\u015b\u0107 uczestnik\u00f3w:  %%Participanst_nr%%||et_pb_line_break_holder||Zgody formalne: %%Privacy_policy%%&#8221; sticky_enabled=&#8221;0&#8243;][et_pb_contact_field field_id=&#8221;Name&#8221; field_title=&#8221;* Imi\u0119 i nazwisko&#8221; fullwidth_field=&#8221;on&#8221; _builder_version=&#8221;4.17.4&#8243; global_colors_info=&#8221;{}&#8221; button_text_size__hover_enabled=&#8221;off&#8221; button_one_text_size__hover_enabled=&#8221;off&#8221; button_two_text_size__hover_enabled=&#8221;off&#8221; button_text_color__hover_enabled=&#8221;off&#8221; button_one_text_color__hover_enabled=&#8221;off&#8221; button_two_text_color__hover_enabled=&#8221;off&#8221; button_border_width__hover_enabled=&#8221;off&#8221; button_one_border_width__hover_enabled=&#8221;off&#8221; button_two_border_width__hover_enabled=&#8221;off&#8221; button_border_color__hover_enabled=&#8221;off&#8221; button_one_border_color__hover_enabled=&#8221;off&#8221; button_two_border_color__hover_enabled=&#8221;off&#8221; button_border_radius__hover_enabled=&#8221;off&#8221; button_one_border_radius__hover_enabled=&#8221;off&#8221; button_two_border_radius__hover_enabled=&#8221;off&#8221; button_letter_spacing__hover_enabled=&#8221;off&#8221; button_one_letter_spacing__hover_enabled=&#8221;off&#8221; button_two_letter_spacing__hover_enabled=&#8221;off&#8221; button_bg_color__hover_enabled=&#8221;off&#8221; button_one_bg_color__hover_enabled=&#8221;off&#8221; button_two_bg_color__hover_enabled=&#8221;off&#8221;][\/et_pb_contact_field][et_pb_contact_field field_id=&#8221;Company_name&#8221; field_title=&#8221;Nazwa firmy (pole opcjonalne)&#8221; required_mark=&#8221;off&#8221; fullwidth_field=&#8221;on&#8221; _builder_version=&#8221;4.17.4&#8243; _module_preset=&#8221;default&#8221; global_colors_info=&#8221;{}&#8221;][\/et_pb_contact_field][et_pb_contact_field field_id=&#8221;Email&#8221; field_title=&#8221;* Aders e-mail&#8221; field_type=&#8221;email&#8221; fullwidth_field=&#8221;on&#8221; _builder_version=&#8221;4.17.4&#8243; global_colors_info=&#8221;{}&#8221; button_text_size__hover_enabled=&#8221;off&#8221; button_one_text_size__hover_enabled=&#8221;off&#8221; button_two_text_size__hover_enabled=&#8221;off&#8221; button_text_color__hover_enabled=&#8221;off&#8221; button_one_text_color__hover_enabled=&#8221;off&#8221; button_two_text_color__hover_enabled=&#8221;off&#8221; button_border_width__hover_enabled=&#8221;off&#8221; button_one_border_width__hover_enabled=&#8221;off&#8221; button_two_border_width__hover_enabled=&#8221;off&#8221; button_border_color__hover_enabled=&#8221;off&#8221; button_one_border_color__hover_enabled=&#8221;off&#8221; button_two_border_color__hover_enabled=&#8221;off&#8221; button_border_radius__hover_enabled=&#8221;off&#8221; button_one_border_radius__hover_enabled=&#8221;off&#8221; button_two_border_radius__hover_enabled=&#8221;off&#8221; button_letter_spacing__hover_enabled=&#8221;off&#8221; button_one_letter_spacing__hover_enabled=&#8221;off&#8221; button_two_letter_spacing__hover_enabled=&#8221;off&#8221; button_bg_color__hover_enabled=&#8221;off&#8221; button_one_bg_color__hover_enabled=&#8221;off&#8221; button_two_bg_color__hover_enabled=&#8221;off&#8221;][\/et_pb_contact_field][et_pb_contact_field field_id=&#8221;Phone_number&#8221; field_title=&#8221;Numer telefonu (pole opcjonalne)&#8221; required_mark=&#8221;off&#8221; fullwidth_field=&#8221;on&#8221; _builder_version=&#8221;4.17.4&#8243; _module_preset=&#8221;default&#8221; global_colors_info=&#8221;{}&#8221;][\/et_pb_contact_field][et_pb_contact_field field_id=&#8221;Date&#8221; field_title=&#8221;* Wybierz termin i rodzaj szkolenia&#8221; field_type=&#8221;select&#8221; select_options=&#8221;%91{%22value%22:%22On-line: 21.03.2023 r. godz. 9:00%22,%22checked%22:0,%22dragID%22:-1}%93&#8243; fullwidth_field=&#8221;on&#8221; _builder_version=&#8221;4.19.4&#8243; _module_preset=&#8221;default&#8221; global_colors_info=&#8221;{}&#8221;][\/et_pb_contact_field][et_pb_contact_field field_id=&#8221;Participanst_nr&#8221; field_title=&#8221;* Wybierz ilo\u015b\u0107 uczestnik\u00f3w&#8221; field_type=&#8221;select&#8221; select_options=&#8221;%91{%22value%22:%221%22,%22checked%22:0,%22dragID%22:-1},{%22value%22:%222%22,%22checked%22:0,%22dragID%22:0},{%22value%22:%223%22,%22checked%22:0,%22dragID%22:1},{%22value%22:%224%22,%22checked%22:0,%22dragID%22:2},{%22value%22:%225%22,%22checked%22:0,%22dragID%22:3},{%22value%22:%226%22,%22checked%22:0,%22dragID%22:4},{%22value%22:%227%22,%22checked%22:0,%22dragID%22:5},{%22value%22:%228%22,%22checked%22:0,%22dragID%22:6},{%22value%22:%229%22,%22checked%22:0,%22dragID%22:7},{%22value%22:%2210%22,%22checked%22:0,%22dragID%22:8},{%22value%22:%22powy\u017cej 10%22,%22checked%22:0,%22dragID%22:9}%93&#8243; fullwidth_field=&#8221;on&#8221; _builder_version=&#8221;4.17.4&#8243; _module_preset=&#8221;default&#8221; global_colors_info=&#8221;{}&#8221;][\/et_pb_contact_field][et_pb_contact_field field_id=&#8221;Privacy_policy&#8221; field_title=&#8221;Zgody formalne&#8221; field_type=&#8221;radio&#8221; radio_options=&#8221;%91{%22value%22:%22* Wyra\u017cam zgod\u0119 na przetwarzanie danych osobowych powy\u017cej podanych przez InBase Sp. z o.o. z siedzib\u0105 w Warszawie 02-956, ul. Stanis\u0142awa Lentza w celu nawi\u0105zania kontaktu mailowego, szczeg\u00f3\u0142owe informacje dotycz\u0105ce polityki prywatno\u015bci i danych osobowych znajduj\u0105 w sekcji %92%22polityka prywatno\u015bci%92%22.%22,%22checked%22:0,%22dragID%22:-1}%93&#8243; fullwidth_field=&#8221;on&#8221; _builder_version=&#8221;4.19.4&#8243; _module_preset=&#8221;default&#8221; global_colors_info=&#8221;{}&#8221;][\/et_pb_contact_field][\/et_pb_contact_form][et_pb_button button_url=&#8221;https:\/\/inbase.pl\/szkolenia\/szkolenie-sygnalistow\/&#8221; button_text=&#8221;Wr\u00f3\u0107 do opisu szkolenia&#8221; _builder_version=&#8221;4.19.4&#8243; _module_preset=&#8221;default&#8221; custom_button=&#8221;on&#8221; button_text_size=&#8221;23px&#8221; button_text_color=&#8221;#af5a00&#8243; button_border_width=&#8221;0px&#8221; button_letter_spacing=&#8221;0px&#8221; button_font=&#8221;|700|||||||&#8221; button_icon=&#8221;&#x23;||divi||400&#8243; button_icon_placement=&#8221;left&#8221; button_on_hover=&#8221;off&#8221; global_colors_info=&#8221;{}&#8221;][\/et_pb_button][\/et_pb_column][\/et_pb_row][\/et_pb_section]<\/p>\n","protected":false},"excerpt":{"rendered":"","protected":false},"author":1,"featured_media":0,"parent":0,"menu_order":0,"comment_status":"closed","ping_status":"closed","template":"","meta":{"_et_pb_use_builder":"on","_et_pb_old_content":"","_et_gb_content_width":"","footnotes":""},"class_list":["post-1456","page","type-page","status-publish","hentry"],"yoast_head":"<!-- This site is optimized with the Yoast SEO plugin v27.1.1 - https:\/\/yoast.com\/product\/yoast-seo-wordpress\/ -->\n<title>Szkolenie sygnalist\u00f3w - formularz zapisu - Szkolenia InBase<\/title>\n<meta name=\"description\" content=\"Szkolenie sygnalist\u00f3w - formularz zapisu! Zapisz si\u0119 ju\u017c dzi\u015b na szkolenie dla sygnalist\u00f3w przygotowane przez firm\u0119 InBase!\" \/>\n<meta name=\"robots\" content=\"index, follow, max-snippet:-1, max-image-preview:large, max-video-preview:-1\" \/>\n<link rel=\"canonical\" href=\"https:\/\/inbase.pl\/szkolenia\/szkolenie-sygnalistow-formularz\/\" \/>\n<meta property=\"og:locale\" content=\"pl_PL\" \/>\n<meta property=\"og:type\" content=\"article\" \/>\n<meta property=\"og:title\" content=\"Szkolenie sygnalist\u00f3w - formularz zapisu - Szkolenia InBase\" \/>\n<meta property=\"og:description\" content=\"Szkolenie sygnalist\u00f3w - formularz zapisu! Zapisz si\u0119 ju\u017c dzi\u015b na szkolenie dla sygnalist\u00f3w przygotowane przez firm\u0119 InBase!\" \/>\n<meta property=\"og:url\" content=\"https:\/\/inbase.pl\/szkolenia\/szkolenie-sygnalistow-formularz\/\" \/>\n<meta property=\"og:site_name\" content=\"Szkolenia\" \/>\n<meta property=\"article:modified_time\" content=\"2023-02-09T13:56:21+00:00\" \/>\n<meta name=\"twitter:card\" content=\"summary_large_image\" \/>\n<script type=\"application\/ld+json\" class=\"yoast-schema-graph\">{\"@context\":\"https:\/\/schema.org\",\"@graph\":[{\"@type\":\"WebPage\",\"@id\":\"https:\/\/inbase.pl\/szkolenia\/szkolenie-sygnalistow-formularz\/\",\"url\":\"https:\/\/inbase.pl\/szkolenia\/szkolenie-sygnalistow-formularz\/\",\"name\":\"Szkolenie sygnalist\u00f3w - formularz zapisu - Szkolenia InBase\",\"isPartOf\":{\"@id\":\"https:\/\/inbase.pl\/szkolenia\/#website\"},\"datePublished\":\"2023-02-09T13:19:27+00:00\",\"dateModified\":\"2023-02-09T13:56:21+00:00\",\"description\":\"Szkolenie sygnalist\u00f3w - formularz zapisu! Zapisz si\u0119 ju\u017c dzi\u015b na szkolenie dla sygnalist\u00f3w przygotowane przez firm\u0119 InBase!\",\"breadcrumb\":{\"@id\":\"https:\/\/inbase.pl\/szkolenia\/szkolenie-sygnalistow-formularz\/#breadcrumb\"},\"inLanguage\":\"pl-PL\",\"potentialAction\":[{\"@type\":\"ReadAction\",\"target\":[\"https:\/\/inbase.pl\/szkolenia\/szkolenie-sygnalistow-formularz\/\"]}]},{\"@type\":\"BreadcrumbList\",\"@id\":\"https:\/\/inbase.pl\/szkolenia\/szkolenie-sygnalistow-formularz\/#breadcrumb\",\"itemListElement\":[{\"@type\":\"ListItem\",\"position\":1,\"name\":\"Strona g\u0142\u00f3wna\",\"item\":\"https:\/\/inbase.pl\/szkolenia\/\"},{\"@type\":\"ListItem\",\"position\":2,\"name\":\"Szkolenie sygnalist\u00f3w &#8211; formularz zapisu\"}]},{\"@type\":\"WebSite\",\"@id\":\"https:\/\/inbase.pl\/szkolenia\/#website\",\"url\":\"https:\/\/inbase.pl\/szkolenia\/\",\"name\":\"Szkolenia\",\"description\":\"InBase - sprawd\u017a ofert\u0119 naszych szkole\u0144!\",\"potentialAction\":[{\"@type\":\"SearchAction\",\"target\":{\"@type\":\"EntryPoint\",\"urlTemplate\":\"https:\/\/inbase.pl\/szkolenia\/?s={search_term_string}\"},\"query-input\":{\"@type\":\"PropertyValueSpecification\",\"valueRequired\":true,\"valueName\":\"search_term_string\"}}],\"inLanguage\":\"pl-PL\"}]}<\/script>\n<!-- \/ Yoast SEO plugin. -->","yoast_head_json":{"title":"Szkolenie sygnalist\u00f3w - formularz zapisu - Szkolenia InBase","description":"Szkolenie sygnalist\u00f3w - formularz zapisu! Zapisz si\u0119 ju\u017c dzi\u015b na szkolenie dla sygnalist\u00f3w przygotowane przez firm\u0119 InBase!","robots":{"index":"index","follow":"follow","max-snippet":"max-snippet:-1","max-image-preview":"max-image-preview:large","max-video-preview":"max-video-preview:-1"},"canonical":"https:\/\/inbase.pl\/szkolenia\/szkolenie-sygnalistow-formularz\/","og_locale":"pl_PL","og_type":"article","og_title":"Szkolenie sygnalist\u00f3w - formularz zapisu - Szkolenia InBase","og_description":"Szkolenie sygnalist\u00f3w - formularz zapisu! Zapisz si\u0119 ju\u017c dzi\u015b na szkolenie dla sygnalist\u00f3w przygotowane przez firm\u0119 InBase!","og_url":"https:\/\/inbase.pl\/szkolenia\/szkolenie-sygnalistow-formularz\/","og_site_name":"Szkolenia","article_modified_time":"2023-02-09T13:56:21+00:00","twitter_card":"summary_large_image","schema":{"@context":"https:\/\/schema.org","@graph":[{"@type":"WebPage","@id":"https:\/\/inbase.pl\/szkolenia\/szkolenie-sygnalistow-formularz\/","url":"https:\/\/inbase.pl\/szkolenia\/szkolenie-sygnalistow-formularz\/","name":"Szkolenie sygnalist\u00f3w - formularz zapisu - Szkolenia InBase","isPartOf":{"@id":"https:\/\/inbase.pl\/szkolenia\/#website"},"datePublished":"2023-02-09T13:19:27+00:00","dateModified":"2023-02-09T13:56:21+00:00","description":"Szkolenie sygnalist\u00f3w - formularz zapisu! Zapisz si\u0119 ju\u017c dzi\u015b na szkolenie dla sygnalist\u00f3w przygotowane przez firm\u0119 InBase!","breadcrumb":{"@id":"https:\/\/inbase.pl\/szkolenia\/szkolenie-sygnalistow-formularz\/#breadcrumb"},"inLanguage":"pl-PL","potentialAction":[{"@type":"ReadAction","target":["https:\/\/inbase.pl\/szkolenia\/szkolenie-sygnalistow-formularz\/"]}]},{"@type":"BreadcrumbList","@id":"https:\/\/inbase.pl\/szkolenia\/szkolenie-sygnalistow-formularz\/#breadcrumb","itemListElement":[{"@type":"ListItem","position":1,"name":"Strona g\u0142\u00f3wna","item":"https:\/\/inbase.pl\/szkolenia\/"},{"@type":"ListItem","position":2,"name":"Szkolenie sygnalist\u00f3w &#8211; formularz zapisu"}]},{"@type":"WebSite","@id":"https:\/\/inbase.pl\/szkolenia\/#website","url":"https:\/\/inbase.pl\/szkolenia\/","name":"Szkolenia","description":"InBase - sprawd\u017a ofert\u0119 naszych szkole\u0144!","potentialAction":[{"@type":"SearchAction","target":{"@type":"EntryPoint","urlTemplate":"https:\/\/inbase.pl\/szkolenia\/?s={search_term_string}"},"query-input":{"@type":"PropertyValueSpecification","valueRequired":true,"valueName":"search_term_string"}}],"inLanguage":"pl-PL"}]}},"_links":{"self":[{"href":"https:\/\/inbase.pl\/szkolenia\/wp-json\/wp\/v2\/pages\/1456","targetHints":{"allow":["GET"]}}],"collection":[{"href":"https:\/\/inbase.pl\/szkolenia\/wp-json\/wp\/v2\/pages"}],"about":[{"href":"https:\/\/inbase.pl\/szkolenia\/wp-json\/wp\/v2\/types\/page"}],"author":[{"embeddable":true,"href":"https:\/\/inbase.pl\/szkolenia\/wp-json\/wp\/v2\/users\/1"}],"replies":[{"embeddable":true,"href":"https:\/\/inbase.pl\/szkolenia\/wp-json\/wp\/v2\/comments?post=1456"}],"version-history":[{"count":0,"href":"https:\/\/inbase.pl\/szkolenia\/wp-json\/wp\/v2\/pages\/1456\/revisions"}],"wp:attachment":[{"href":"https:\/\/inbase.pl\/szkolenia\/wp-json\/wp\/v2\/media?parent=1456"}],"curies":[{"name":"wp","href":"https:\/\/api.w.org\/{rel}","templated":true}]}}